{"id":302,"date":"2016-05-25T16:22:10","date_gmt":"2016-05-25T14:22:10","guid":{"rendered":"http:\/\/mediaprint-tiskarahrastic.hr\/de\/?page_id=302"},"modified":"2016-05-25T16:22:10","modified_gmt":"2016-05-25T14:22:10","slug":"home-seite","status":"publish","type":"page","link":"https:\/\/mediaprint-tiskarahrastic.hr\/de\/","title":{"rendered":"Startseite"},"content":{"rendered":"<h1>Mediaprint Druckerei Hrasti\u0107 &#8211; Ihr Partner f\u00fcr hochwertigen mehrfarbigen Druck<\/h1>\n<p>Nur der definierte und kontrollierte Prozess der graphischen Produktion von der Kalkulationsaufstellung und Erteilung des Arbeitsauftrages \u00fcber die Bearbeitung Ihres Materials auf einem digitalen Medium und den Produktionsprozess bis zur prompten Auslieferung kann in der modernen durchgetakteten Zeit, die gepr\u00e4gt ist von Qualit\u00e4t, Tempo und niedrigen Preisen, zufriedenstellende Ergebnisse sichern.<\/p>\n<p><strong>Die Mediaprint Druckerei Hrasti\u0107 <\/strong>bietet hochwertigen einfarbigen, zweifarbigen und mehrfarbigen Druck und Weiterbearbeitung des gelieferten Materials, das Fachpersonal garantiert Qualit\u00e4t und Schnelligkeit, die auf Ihre Bed\u00fcrfnisse zugeschnitten sind. Wir sichern auch die Zulieferung des fertigen Materials mit eigenen Transportfahrzeugen zu.<\/p>\n<p>&nbsp;<\/p>\n","protected":false},"excerpt":{"rendered":"<p>Mediaprint Druckerei Hrasti\u0107 &#8211; Ihr Partner f\u00fcr hochwertigen mehrfarbigen Druck Nur der definierte und kontrollierte Prozess der graphischen Produktion von der Kalkulationsaufstellung und Erteilung des Arbeitsauftrages \u00fcber die Bearbeitung Ihres Materials auf einem digitalen Medium und den Produktionsprozess bis zur prompten Auslieferung kann in der modernen durchgetakteten Zeit, die gepr\u00e4gt ist von Qualit\u00e4t, Tempo und [&hellip;]<\/p>\n","protected":false},"author":1,"featured_media":0,"parent":0,"menu_order":0,"comment_status":"closed","ping_status":"closed","template":"home.php","meta":{"footnotes":""},"yoast_head":"<!-- This site is optimized with the Yoast SEO plugin v22.3 - https:\/\/yoast.com\/wordpress\/plugins\/seo\/ -->\n<title>Startseite - Mediaprint Tiskara Hrasti\u0107<\/title>\n<meta name=\"robots\" content=\"index, follow, max-snippet:-1, max-image-preview:large, max-video-preview:-1\" \/>\n<link rel=\"canonical\" href=\"https:\/\/mediaprint-tiskarahrastic.hr\/de\/\" \/>\n<meta property=\"og:locale\" content=\"de_DE\" \/>\n<meta property=\"og:type\" content=\"article\" \/>\n<meta property=\"og:title\" content=\"Startseite - Mediaprint Tiskara Hrasti\u0107\" \/>\n<meta property=\"og:description\" content=\"Mediaprint Druckerei Hrasti\u0107 &#8211; Ihr Partner f\u00fcr hochwertigen mehrfarbigen Druck Nur der definierte und kontrollierte Prozess der graphischen Produktion von der Kalkulationsaufstellung und Erteilung des Arbeitsauftrages \u00fcber die Bearbeitung Ihres Materials auf einem digitalen Medium und den Produktionsprozess bis zur prompten Auslieferung kann in der modernen durchgetakteten Zeit, die gepr\u00e4gt ist von Qualit\u00e4t, Tempo und [&hellip;]\" \/>\n<meta property=\"og:url\" content=\"https:\/\/mediaprint-tiskarahrastic.hr\/de\/\" \/>\n<meta property=\"og:site_name\" content=\"Mediaprint Tiskara Hrasti\u0107\" \/>\n<meta name=\"twitter:card\" content=\"summary_large_image\" \/>\n<meta name=\"twitter:label1\" content=\"Gesch\u00e4tzte Lesezeit\" \/>\n\t<meta name=\"twitter:data1\" content=\"1\u00a0Minute\" \/>\n<script type=\"application\/ld+json\" class=\"yoast-schema-graph\">{\"@context\":\"https:\/\/schema.org\",\"@graph\":[{\"@type\":\"WebPage\",\"@id\":\"https:\/\/mediaprint-tiskarahrastic.hr\/de\/\",\"url\":\"https:\/\/mediaprint-tiskarahrastic.hr\/de\/\",\"name\":\"Startseite - Mediaprint Tiskara Hrasti\u0107\",\"isPartOf\":{\"@id\":\"https:\/\/mediaprint-tiskarahrastic.hr\/#website\"},\"datePublished\":\"2016-05-25T14:22:10+00:00\",\"dateModified\":\"2016-05-25T14:22:10+00:00\",\"breadcrumb\":{\"@id\":\"https:\/\/mediaprint-tiskarahrastic.hr\/de\/#breadcrumb\"},\"inLanguage\":\"de\",\"potentialAction\":[{\"@type\":\"ReadAction\",\"target\":[\"https:\/\/mediaprint-tiskarahrastic.hr\/de\/\"]}]},{\"@type\":\"BreadcrumbList\",\"@id\":\"https:\/\/mediaprint-tiskarahrastic.hr\/de\/#breadcrumb\",\"itemListElement\":[{\"@type\":\"ListItem\",\"position\":1,\"name\":\"Home\",\"item\":\"https:\/\/mediaprint-tiskarahrastic.hr\/de\/\"},{\"@type\":\"ListItem\",\"position\":2,\"name\":\"Startseite\"}]},{\"@type\":\"WebSite\",\"@id\":\"https:\/\/mediaprint-tiskarahrastic.hr\/#website\",\"url\":\"https:\/\/mediaprint-tiskarahrastic.hr\/\",\"name\":\"Mediaprint Tiskara Hrasti\u0107\",\"description\":\"Tiskara Hrasti\u0107\",\"potentialAction\":[{\"@type\":\"SearchAction\",\"target\":{\"@type\":\"EntryPoint\",\"urlTemplate\":\"https:\/\/mediaprint-tiskarahrastic.hr\/?s={search_term_string}\"},\"query-input\":\"required name=search_term_string\"}],\"inLanguage\":\"de\"}]}<\/script>\n<!-- \/ Yoast SEO plugin. -->","yoast_head_json":{"title":"Startseite - Mediaprint Tiskara Hrasti\u0107","robots":{"index":"index","follow":"follow","max-snippet":"max-snippet:-1","max-image-preview":"max-image-preview:large","max-video-preview":"max-video-preview:-1"},"canonical":"https:\/\/mediaprint-tiskarahrastic.hr\/de\/","og_locale":"de_DE","og_type":"article","og_title":"Startseite - Mediaprint Tiskara Hrasti\u0107","og_description":"Mediaprint Druckerei Hrasti\u0107 &#8211; Ihr Partner f\u00fcr hochwertigen mehrfarbigen Druck Nur der definierte und kontrollierte Prozess der graphischen Produktion von der Kalkulationsaufstellung und Erteilung des Arbeitsauftrages \u00fcber die Bearbeitung Ihres Materials auf einem digitalen Medium und den Produktionsprozess bis zur prompten Auslieferung kann in der modernen durchgetakteten Zeit, die gepr\u00e4gt ist von Qualit\u00e4t, Tempo und [&hellip;]","og_url":"https:\/\/mediaprint-tiskarahrastic.hr\/de\/","og_site_name":"Mediaprint Tiskara Hrasti\u0107","twitter_card":"summary_large_image","twitter_misc":{"Gesch\u00e4tzte Lesezeit":"1\u00a0Minute"},"schema":{"@context":"https:\/\/schema.org","@graph":[{"@type":"WebPage","@id":"https:\/\/mediaprint-tiskarahrastic.hr\/de\/","url":"https:\/\/mediaprint-tiskarahrastic.hr\/de\/","name":"Startseite - Mediaprint Tiskara Hrasti\u0107","isPartOf":{"@id":"https:\/\/mediaprint-tiskarahrastic.hr\/#website"},"datePublished":"2016-05-25T14:22:10+00:00","dateModified":"2016-05-25T14:22:10+00:00","breadcrumb":{"@id":"https:\/\/mediaprint-tiskarahrastic.hr\/de\/#breadcrumb"},"inLanguage":"de","potentialAction":[{"@type":"ReadAction","target":["https:\/\/mediaprint-tiskarahrastic.hr\/de\/"]}]},{"@type":"BreadcrumbList","@id":"https:\/\/mediaprint-tiskarahrastic.hr\/de\/#breadcrumb","itemListElement":[{"@type":"ListItem","position":1,"name":"Home","item":"https:\/\/mediaprint-tiskarahrastic.hr\/de\/"},{"@type":"ListItem","position":2,"name":"Startseite"}]},{"@type":"WebSite","@id":"https:\/\/mediaprint-tiskarahrastic.hr\/#website","url":"https:\/\/mediaprint-tiskarahrastic.hr\/","name":"Mediaprint Tiskara Hrasti\u0107","description":"Tiskara Hrasti\u0107","potentialAction":[{"@type":"SearchAction","target":{"@type":"EntryPoint","urlTemplate":"https:\/\/mediaprint-tiskarahrastic.hr\/?s={search_term_string}"},"query-input":"required name=search_term_string"}],"inLanguage":"de"}]}},"_links":{"self":[{"href":"https:\/\/mediaprint-tiskarahrastic.hr\/de\/wp-json\/wp\/v2\/pages\/302"}],"collection":[{"href":"https:\/\/mediaprint-tiskarahrastic.hr\/de\/wp-json\/wp\/v2\/pages"}],"about":[{"href":"https:\/\/mediaprint-tiskarahrastic.hr\/de\/wp-json\/wp\/v2\/types\/page"}],"author":[{"embeddable":true,"href":"https:\/\/mediaprint-tiskarahrastic.hr\/de\/wp-json\/wp\/v2\/users\/1"}],"replies":[{"embeddable":true,"href":"https:\/\/mediaprint-tiskarahrastic.hr\/de\/wp-json\/wp\/v2\/comments?post=302"}],"version-history":[{"count":1,"href":"https:\/\/mediaprint-tiskarahrastic.hr\/de\/wp-json\/wp\/v2\/pages\/302\/revisions"}],"predecessor-version":[{"id":303,"href":"https:\/\/mediaprint-tiskarahrastic.hr\/de\/wp-json\/wp\/v2\/pages\/302\/revisions\/303"}],"wp:attachment":[{"href":"https:\/\/mediaprint-tiskarahrastic.hr\/de\/wp-json\/wp\/v2\/media?parent=302"}],"curies":[{"name":"wp","href":"https:\/\/api.w.org\/{rel}","templated":true}]}}