{"id":320,"date":"2016-05-26T09:39:25","date_gmt":"2016-05-26T07:39:25","guid":{"rendered":"http:\/\/mediaprint-tiskarahrastic.hr\/de\/?page_id=320"},"modified":"2016-05-26T09:39:25","modified_gmt":"2016-05-26T07:39:25","slug":"ueber-uns","status":"publish","type":"page","link":"https:\/\/mediaprint-tiskarahrastic.hr\/de\/ueber-uns\/","title":{"rendered":"\u00dcber uns"},"content":{"rendered":"<p>1980 wurde die Vision geboren\u2026.<\/p>\n<p><strong>Qualit\u00e4t, Frist, Preis <\/strong>&#8211; das sind seit jeher die drei Grundfaktoren unseres bew\u00e4hrten Erfolges\u2026und die Vision wird schon von der zweiten Generation zu Leben erweckt\u2026.<\/p>\n<p><strong>Die Mediaprint Druckerei Hrasti\u0107 <\/strong>wurde 1990 gegr\u00fcndet. Sie entstand auf den Grundlagen des Grafikbetriebes Grafoprodukt, der Mitte der 80-er Jahre des 20. Jahrhunderts unter der Leitung des Graphikingenieurs Darko Hrasti\u0107 gegr\u00fcndet wurde. Von Jahr zu Jahr entwickelte sich, mit viel Flei\u00df und Hingabe, der kleine Familienbetrieb, der \u00fcber eine kleine Tischoffset Druckmaschine verf\u00fcgte, zu einem konkurrenzf\u00e4higen, respektablen Betrieb auf dem Gebiet der mittelgro\u00dfen Druckereien.<\/p>\n<p>Im Jahre 1998 erwarb die Druckerei ein Grundst\u00fcck auf der heutigen Adresse (4000 m<sup>2<\/sup>) f\u00fcr die Errichtung eines kompletten Gesch\u00e4ftsbetriebes mit einer Fl\u00e4che von 1000 m<sup>2<\/sup>. Zwei Jahre sp\u00e4ter wurden zus\u00e4tzliche Geldmittel in den Erwerb modernster Technologie investiert, um die Produktivit\u00e4t und Qualit\u00e4t zu steigern und sich somit auf dem Markt behaupten zu k\u00f6nnen und wettbewerbsf\u00e4higer zu werden.<\/p>\n<p>Die Zukunft der Druckerei gr\u00fcndet auf weiteren Investitionen in moderne und automatisierte Technologie und die Anstellung von hochkompetentem Fachpersonal, ohne die Tradition des Modells des Familienbetriebs aus den Augen zu verlieren.<\/p>\n<p>&nbsp;<\/p>\n","protected":false},"excerpt":{"rendered":"<p>1980 wurde die Vision geboren\u2026. Qualit\u00e4t, Frist, Preis &#8211; das sind seit jeher die drei Grundfaktoren unseres bew\u00e4hrten Erfolges\u2026und die Vision wird schon von der zweiten Generation zu Leben erweckt\u2026. Die Mediaprint Druckerei Hrasti\u0107 wurde 1990 gegr\u00fcndet. Sie entstand auf den Grundlagen des Grafikbetriebes Grafoprodukt, der Mitte der 80-er Jahre des 20. Jahrhunderts unter der [&hellip;]<\/p>\n","protected":false},"author":1,"featured_media":0,"parent":0,"menu_order":1,"comment_status":"closed","ping_status":"closed","template":"about.php","meta":{"footnotes":""},"yoast_head":"<!-- This site is optimized with the Yoast SEO plugin v22.3 - https:\/\/yoast.com\/wordpress\/plugins\/seo\/ -->\n<title>\u00dcber uns - Mediaprint Tiskara Hrasti\u0107<\/title>\n<meta name=\"robots\" content=\"index, follow, max-snippet:-1, max-image-preview:large, max-video-preview:-1\" \/>\n<link rel=\"canonical\" href=\"https:\/\/mediaprint-tiskarahrastic.hr\/de\/ueber-uns\/\" \/>\n<meta property=\"og:locale\" content=\"de_DE\" \/>\n<meta property=\"og:type\" content=\"article\" \/>\n<meta property=\"og:title\" content=\"\u00dcber uns - Mediaprint Tiskara Hrasti\u0107\" \/>\n<meta property=\"og:description\" content=\"1980 wurde die Vision geboren\u2026. Qualit\u00e4t, Frist, Preis &#8211; das sind seit jeher die drei Grundfaktoren unseres bew\u00e4hrten Erfolges\u2026und die Vision wird schon von der zweiten Generation zu Leben erweckt\u2026. Die Mediaprint Druckerei Hrasti\u0107 wurde 1990 gegr\u00fcndet. Sie entstand auf den Grundlagen des Grafikbetriebes Grafoprodukt, der Mitte der 80-er Jahre des 20. Jahrhunderts unter der [&hellip;]\" \/>\n<meta property=\"og:url\" content=\"https:\/\/mediaprint-tiskarahrastic.hr\/de\/ueber-uns\/\" \/>\n<meta property=\"og:site_name\" content=\"Mediaprint Tiskara Hrasti\u0107\" \/>\n<meta name=\"twitter:card\" content=\"summary_large_image\" \/>\n<meta name=\"twitter:label1\" content=\"Gesch\u00e4tzte Lesezeit\" \/>\n\t<meta name=\"twitter:data1\" content=\"1\u00a0Minute\" \/>\n<script type=\"application\/ld+json\" class=\"yoast-schema-graph\">{\"@context\":\"https:\/\/schema.org\",\"@graph\":[{\"@type\":\"WebPage\",\"@id\":\"https:\/\/mediaprint-tiskarahrastic.hr\/de\/ueber-uns\/\",\"url\":\"https:\/\/mediaprint-tiskarahrastic.hr\/de\/ueber-uns\/\",\"name\":\"\u00dcber uns - Mediaprint Tiskara Hrasti\u0107\",\"isPartOf\":{\"@id\":\"https:\/\/mediaprint-tiskarahrastic.hr\/#website\"},\"datePublished\":\"2016-05-26T07:39:25+00:00\",\"dateModified\":\"2016-05-26T07:39:25+00:00\",\"breadcrumb\":{\"@id\":\"https:\/\/mediaprint-tiskarahrastic.hr\/de\/ueber-uns\/#breadcrumb\"},\"inLanguage\":\"de\",\"potentialAction\":[{\"@type\":\"ReadAction\",\"target\":[\"https:\/\/mediaprint-tiskarahrastic.hr\/de\/ueber-uns\/\"]}]},{\"@type\":\"BreadcrumbList\",\"@id\":\"https:\/\/mediaprint-tiskarahrastic.hr\/de\/ueber-uns\/#breadcrumb\",\"itemListElement\":[{\"@type\":\"ListItem\",\"position\":1,\"name\":\"Home\",\"item\":\"https:\/\/mediaprint-tiskarahrastic.hr\/de\/\"},{\"@type\":\"ListItem\",\"position\":2,\"name\":\"\u00dcber uns\"}]},{\"@type\":\"WebSite\",\"@id\":\"https:\/\/mediaprint-tiskarahrastic.hr\/#website\",\"url\":\"https:\/\/mediaprint-tiskarahrastic.hr\/\",\"name\":\"Mediaprint Tiskara Hrasti\u0107\",\"description\":\"Tiskara Hrasti\u0107\",\"potentialAction\":[{\"@type\":\"SearchAction\",\"target\":{\"@type\":\"EntryPoint\",\"urlTemplate\":\"https:\/\/mediaprint-tiskarahrastic.hr\/?s={search_term_string}\"},\"query-input\":\"required name=search_term_string\"}],\"inLanguage\":\"de\"}]}<\/script>\n<!-- \/ Yoast SEO plugin. -->","yoast_head_json":{"title":"\u00dcber uns - Mediaprint Tiskara Hrasti\u0107","robots":{"index":"index","follow":"follow","max-snippet":"max-snippet:-1","max-image-preview":"max-image-preview:large","max-video-preview":"max-video-preview:-1"},"canonical":"https:\/\/mediaprint-tiskarahrastic.hr\/de\/ueber-uns\/","og_locale":"de_DE","og_type":"article","og_title":"\u00dcber uns - Mediaprint Tiskara Hrasti\u0107","og_description":"1980 wurde die Vision geboren\u2026. Qualit\u00e4t, Frist, Preis &#8211; das sind seit jeher die drei Grundfaktoren unseres bew\u00e4hrten Erfolges\u2026und die Vision wird schon von der zweiten Generation zu Leben erweckt\u2026. Die Mediaprint Druckerei Hrasti\u0107 wurde 1990 gegr\u00fcndet. Sie entstand auf den Grundlagen des Grafikbetriebes Grafoprodukt, der Mitte der 80-er Jahre des 20. Jahrhunderts unter der [&hellip;]","og_url":"https:\/\/mediaprint-tiskarahrastic.hr\/de\/ueber-uns\/","og_site_name":"Mediaprint Tiskara Hrasti\u0107","twitter_card":"summary_large_image","twitter_misc":{"Gesch\u00e4tzte Lesezeit":"1\u00a0Minute"},"schema":{"@context":"https:\/\/schema.org","@graph":[{"@type":"WebPage","@id":"https:\/\/mediaprint-tiskarahrastic.hr\/de\/ueber-uns\/","url":"https:\/\/mediaprint-tiskarahrastic.hr\/de\/ueber-uns\/","name":"\u00dcber uns - Mediaprint Tiskara Hrasti\u0107","isPartOf":{"@id":"https:\/\/mediaprint-tiskarahrastic.hr\/#website"},"datePublished":"2016-05-26T07:39:25+00:00","dateModified":"2016-05-26T07:39:25+00:00","breadcrumb":{"@id":"https:\/\/mediaprint-tiskarahrastic.hr\/de\/ueber-uns\/#breadcrumb"},"inLanguage":"de","potentialAction":[{"@type":"ReadAction","target":["https:\/\/mediaprint-tiskarahrastic.hr\/de\/ueber-uns\/"]}]},{"@type":"BreadcrumbList","@id":"https:\/\/mediaprint-tiskarahrastic.hr\/de\/ueber-uns\/#breadcrumb","itemListElement":[{"@type":"ListItem","position":1,"name":"Home","item":"https:\/\/mediaprint-tiskarahrastic.hr\/de\/"},{"@type":"ListItem","position":2,"name":"\u00dcber uns"}]},{"@type":"WebSite","@id":"https:\/\/mediaprint-tiskarahrastic.hr\/#website","url":"https:\/\/mediaprint-tiskarahrastic.hr\/","name":"Mediaprint Tiskara Hrasti\u0107","description":"Tiskara Hrasti\u0107","potentialAction":[{"@type":"SearchAction","target":{"@type":"EntryPoint","urlTemplate":"https:\/\/mediaprint-tiskarahrastic.hr\/?s={search_term_string}"},"query-input":"required name=search_term_string"}],"inLanguage":"de"}]}},"_links":{"self":[{"href":"https:\/\/mediaprint-tiskarahrastic.hr\/de\/wp-json\/wp\/v2\/pages\/320"}],"collection":[{"href":"https:\/\/mediaprint-tiskarahrastic.hr\/de\/wp-json\/wp\/v2\/pages"}],"about":[{"href":"https:\/\/mediaprint-tiskarahrastic.hr\/de\/wp-json\/wp\/v2\/types\/page"}],"author":[{"embeddable":true,"href":"https:\/\/mediaprint-tiskarahrastic.hr\/de\/wp-json\/wp\/v2\/users\/1"}],"replies":[{"embeddable":true,"href":"https:\/\/mediaprint-tiskarahrastic.hr\/de\/wp-json\/wp\/v2\/comments?post=320"}],"version-history":[{"count":1,"href":"https:\/\/mediaprint-tiskarahrastic.hr\/de\/wp-json\/wp\/v2\/pages\/320\/revisions"}],"predecessor-version":[{"id":321,"href":"https:\/\/mediaprint-tiskarahrastic.hr\/de\/wp-json\/wp\/v2\/pages\/320\/revisions\/321"}],"wp:attachment":[{"href":"https:\/\/mediaprint-tiskarahrastic.hr\/de\/wp-json\/wp\/v2\/media?parent=320"}],"curies":[{"name":"wp","href":"https:\/\/api.w.org\/{rel}","templated":true}]}}