{"id":328,"date":"2016-05-26T09:47:36","date_gmt":"2016-05-26T07:47:36","guid":{"rendered":"http:\/\/mediaprint-tiskarahrastic.hr\/de\/?page_id=328"},"modified":"2016-05-26T09:52:47","modified_gmt":"2016-05-26T07:52:47","slug":"produkte-und-dienstleistungen","status":"publish","type":"page","link":"https:\/\/mediaprint-tiskarahrastic.hr\/de\/produkte-und-dienstleistungen\/","title":{"rendered":"Produkte und Dienstleistungen"},"content":{"rendered":"<p>Nur der definierte und kontrollierte Prozess der graphischen Produktion von der Kalkulationsaufstellung und Erteilung des Arbeitsauftrages \u00fcber die Bearbeitung Ihres Materials auf einem digitalen Medium und den Produktionsprozess bis zur prompten Auslieferung kann in der modernen durchgetakteten Zeit, die gepr\u00e4gt ist von Qualit\u00e4t, Tempo und niedrigen Preisen, zufriedenstellende Ergebnisse liefern.<\/p>\n<p><strong>Die Mediaprint Druckerei Hrasti\u0107<\/strong> bietet hochwertigen einfarbigen, zweifarbigen und mehrfarbigen Druck und Weiterbearbeitung von:<\/p>\n<ul>\n<li>drahtgehefteten Zeitschriften<\/li>\n<li>klebegebundenen Zeitschriften<\/li>\n<li>Brosch\u00fcren<\/li>\n<li>hochwertigen Katalogen<\/li>\n<li>B\u00fcchern (Schul- und Fachb\u00fccher, Belletristik\u2026)<\/li>\n<li>Flugbl\u00e4ttern in allen Formaten<\/li>\n<li>Plakaten<\/li>\n<\/ul>\n<p>Das Fachpersonal garantiert Qualit\u00e4t und Schnelligkeit, die auf Ihre Bed\u00fcrfnisse zugeschnitten sind. Wir sichern auch die Zulieferung des fertigen Materials mit eigenen Transportfahrzeugen zu.<\/p>\n<div class=\"about-in contact-in\" style=\"width: 100%; padding: 0;\">\n<div class=\"arrow\" style=\"float: left; color: #fff; margin-left: 30px;\">\n<h2>Warum sollten Sie die Mediaprint-Druckerei Hrasti\u0107 w\u00e4hlen?<\/h2>\n<ul style=\"color: #fff;\">\n<li>\u00fcber 30 Jahre Erfahrung auf dem Druck- und Weiterbearbeitungsbereich <\/li>\n<li>eine Vielzahl von zufriedenen Kunden in ganz Kroatien<\/li>\n<li>Fachpersonal<\/li>\n<li>mehrfarbiger Druck auf sehr d\u00fcnnem Papier (lwc 65-70 g, Zeitungspapier 45 g)<\/li>\n<li>Ihre Sicherheit bez\u00fcglich der Qualit\u00e4t unserer Dienstleistungen<\/li>\n<li>Zuverl\u00e4ssigkeit im Hinblick auf vereinbarte Lieferfristen<\/li>\n<li>wettbewerbsf\u00e4hige Preise auf dem einheimischen und ausl\u00e4ndischen Markt<\/li>\n<li>g\u00fcnstiger Standort<\/li>\n<li>Personalisierung (Produktion von Adressierungsetiketten, Einstecken von Zeitschriften in Plastikfolien)<\/li>\n<\/ul>\n<\/div>\n<\/div>\n","protected":false},"excerpt":{"rendered":"<p>Nur der definierte und kontrollierte Prozess der graphischen Produktion von der Kalkulationsaufstellung und Erteilung des Arbeitsauftrages \u00fcber die Bearbeitung Ihres Materials auf einem digitalen Medium und den Produktionsprozess bis zur prompten Auslieferung kann in der modernen durchgetakteten Zeit, die gepr\u00e4gt ist von Qualit\u00e4t, Tempo und niedrigen Preisen, zufriedenstellende Ergebnisse liefern. Die Mediaprint Druckerei Hrasti\u0107 bietet [&hellip;]<\/p>\n","protected":false},"author":1,"featured_media":0,"parent":0,"menu_order":3,"comment_status":"closed","ping_status":"closed","template":"products.php","meta":{"footnotes":""},"yoast_head":"<!-- This site is optimized with the Yoast SEO plugin v22.3 - https:\/\/yoast.com\/wordpress\/plugins\/seo\/ -->\n<title>Produkte und Dienstleistungen - Mediaprint Tiskara Hrasti\u0107<\/title>\n<meta name=\"robots\" content=\"index, follow, max-snippet:-1, max-image-preview:large, max-video-preview:-1\" \/>\n<link rel=\"canonical\" href=\"https:\/\/mediaprint-tiskarahrastic.hr\/de\/produkte-und-dienstleistungen\/\" \/>\n<meta property=\"og:locale\" content=\"de_DE\" \/>\n<meta property=\"og:type\" content=\"article\" \/>\n<meta property=\"og:title\" content=\"Produkte und Dienstleistungen - Mediaprint Tiskara Hrasti\u0107\" \/>\n<meta property=\"og:description\" content=\"Nur der definierte und kontrollierte Prozess der graphischen Produktion von der Kalkulationsaufstellung und Erteilung des Arbeitsauftrages \u00fcber die Bearbeitung Ihres Materials auf einem digitalen Medium und den Produktionsprozess bis zur prompten Auslieferung kann in der modernen durchgetakteten Zeit, die gepr\u00e4gt ist von Qualit\u00e4t, Tempo und niedrigen Preisen, zufriedenstellende Ergebnisse liefern. Die Mediaprint Druckerei Hrasti\u0107 bietet [&hellip;]\" \/>\n<meta property=\"og:url\" content=\"https:\/\/mediaprint-tiskarahrastic.hr\/de\/produkte-und-dienstleistungen\/\" \/>\n<meta property=\"og:site_name\" content=\"Mediaprint Tiskara Hrasti\u0107\" \/>\n<meta property=\"article:modified_time\" content=\"2016-05-26T07:52:47+00:00\" \/>\n<meta name=\"twitter:card\" content=\"summary_large_image\" \/>\n<meta name=\"twitter:label1\" content=\"Gesch\u00e4tzte Lesezeit\" \/>\n\t<meta name=\"twitter:data1\" content=\"1\u00a0Minute\" \/>\n<script type=\"application\/ld+json\" class=\"yoast-schema-graph\">{\"@context\":\"https:\/\/schema.org\",\"@graph\":[{\"@type\":\"WebPage\",\"@id\":\"https:\/\/mediaprint-tiskarahrastic.hr\/de\/produkte-und-dienstleistungen\/\",\"url\":\"https:\/\/mediaprint-tiskarahrastic.hr\/de\/produkte-und-dienstleistungen\/\",\"name\":\"Produkte und Dienstleistungen - Mediaprint Tiskara Hrasti\u0107\",\"isPartOf\":{\"@id\":\"https:\/\/mediaprint-tiskarahrastic.hr\/#website\"},\"datePublished\":\"2016-05-26T07:47:36+00:00\",\"dateModified\":\"2016-05-26T07:52:47+00:00\",\"breadcrumb\":{\"@id\":\"https:\/\/mediaprint-tiskarahrastic.hr\/de\/produkte-und-dienstleistungen\/#breadcrumb\"},\"inLanguage\":\"de\",\"potentialAction\":[{\"@type\":\"ReadAction\",\"target\":[\"https:\/\/mediaprint-tiskarahrastic.hr\/de\/produkte-und-dienstleistungen\/\"]}]},{\"@type\":\"BreadcrumbList\",\"@id\":\"https:\/\/mediaprint-tiskarahrastic.hr\/de\/produkte-und-dienstleistungen\/#breadcrumb\",\"itemListElement\":[{\"@type\":\"ListItem\",\"position\":1,\"name\":\"Home\",\"item\":\"https:\/\/mediaprint-tiskarahrastic.hr\/de\/\"},{\"@type\":\"ListItem\",\"position\":2,\"name\":\"Produkte und Dienstleistungen\"}]},{\"@type\":\"WebSite\",\"@id\":\"https:\/\/mediaprint-tiskarahrastic.hr\/#website\",\"url\":\"https:\/\/mediaprint-tiskarahrastic.hr\/\",\"name\":\"Mediaprint Tiskara Hrasti\u0107\",\"description\":\"Tiskara Hrasti\u0107\",\"potentialAction\":[{\"@type\":\"SearchAction\",\"target\":{\"@type\":\"EntryPoint\",\"urlTemplate\":\"https:\/\/mediaprint-tiskarahrastic.hr\/?s={search_term_string}\"},\"query-input\":\"required name=search_term_string\"}],\"inLanguage\":\"de\"}]}<\/script>\n<!-- \/ Yoast SEO plugin. -->","yoast_head_json":{"title":"Produkte und Dienstleistungen - Mediaprint Tiskara Hrasti\u0107","robots":{"index":"index","follow":"follow","max-snippet":"max-snippet:-1","max-image-preview":"max-image-preview:large","max-video-preview":"max-video-preview:-1"},"canonical":"https:\/\/mediaprint-tiskarahrastic.hr\/de\/produkte-und-dienstleistungen\/","og_locale":"de_DE","og_type":"article","og_title":"Produkte und Dienstleistungen - Mediaprint Tiskara Hrasti\u0107","og_description":"Nur der definierte und kontrollierte Prozess der graphischen Produktion von der Kalkulationsaufstellung und Erteilung des Arbeitsauftrages \u00fcber die Bearbeitung Ihres Materials auf einem digitalen Medium und den Produktionsprozess bis zur prompten Auslieferung kann in der modernen durchgetakteten Zeit, die gepr\u00e4gt ist von Qualit\u00e4t, Tempo und niedrigen Preisen, zufriedenstellende Ergebnisse liefern. Die Mediaprint Druckerei Hrasti\u0107 bietet [&hellip;]","og_url":"https:\/\/mediaprint-tiskarahrastic.hr\/de\/produkte-und-dienstleistungen\/","og_site_name":"Mediaprint Tiskara Hrasti\u0107","article_modified_time":"2016-05-26T07:52:47+00:00","twitter_card":"summary_large_image","twitter_misc":{"Gesch\u00e4tzte Lesezeit":"1\u00a0Minute"},"schema":{"@context":"https:\/\/schema.org","@graph":[{"@type":"WebPage","@id":"https:\/\/mediaprint-tiskarahrastic.hr\/de\/produkte-und-dienstleistungen\/","url":"https:\/\/mediaprint-tiskarahrastic.hr\/de\/produkte-und-dienstleistungen\/","name":"Produkte und Dienstleistungen - Mediaprint Tiskara Hrasti\u0107","isPartOf":{"@id":"https:\/\/mediaprint-tiskarahrastic.hr\/#website"},"datePublished":"2016-05-26T07:47:36+00:00","dateModified":"2016-05-26T07:52:47+00:00","breadcrumb":{"@id":"https:\/\/mediaprint-tiskarahrastic.hr\/de\/produkte-und-dienstleistungen\/#breadcrumb"},"inLanguage":"de","potentialAction":[{"@type":"ReadAction","target":["https:\/\/mediaprint-tiskarahrastic.hr\/de\/produkte-und-dienstleistungen\/"]}]},{"@type":"BreadcrumbList","@id":"https:\/\/mediaprint-tiskarahrastic.hr\/de\/produkte-und-dienstleistungen\/#breadcrumb","itemListElement":[{"@type":"ListItem","position":1,"name":"Home","item":"https:\/\/mediaprint-tiskarahrastic.hr\/de\/"},{"@type":"ListItem","position":2,"name":"Produkte und Dienstleistungen"}]},{"@type":"WebSite","@id":"https:\/\/mediaprint-tiskarahrastic.hr\/#website","url":"https:\/\/mediaprint-tiskarahrastic.hr\/","name":"Mediaprint Tiskara Hrasti\u0107","description":"Tiskara Hrasti\u0107","potentialAction":[{"@type":"SearchAction","target":{"@type":"EntryPoint","urlTemplate":"https:\/\/mediaprint-tiskarahrastic.hr\/?s={search_term_string}"},"query-input":"required name=search_term_string"}],"inLanguage":"de"}]}},"_links":{"self":[{"href":"https:\/\/mediaprint-tiskarahrastic.hr\/de\/wp-json\/wp\/v2\/pages\/328"}],"collection":[{"href":"https:\/\/mediaprint-tiskarahrastic.hr\/de\/wp-json\/wp\/v2\/pages"}],"about":[{"href":"https:\/\/mediaprint-tiskarahrastic.hr\/de\/wp-json\/wp\/v2\/types\/page"}],"author":[{"embeddable":true,"href":"https:\/\/mediaprint-tiskarahrastic.hr\/de\/wp-json\/wp\/v2\/users\/1"}],"replies":[{"embeddable":true,"href":"https:\/\/mediaprint-tiskarahrastic.hr\/de\/wp-json\/wp\/v2\/comments?post=328"}],"version-history":[{"count":3,"href":"https:\/\/mediaprint-tiskarahrastic.hr\/de\/wp-json\/wp\/v2\/pages\/328\/revisions"}],"predecessor-version":[{"id":332,"href":"https:\/\/mediaprint-tiskarahrastic.hr\/de\/wp-json\/wp\/v2\/pages\/328\/revisions\/332"}],"wp:attachment":[{"href":"https:\/\/mediaprint-tiskarahrastic.hr\/de\/wp-json\/wp\/v2\/media?parent=328"}],"curies":[{"name":"wp","href":"https:\/\/api.w.org\/{rel}","templated":true}]}}