{"id":333,"date":"2016-05-26T09:55:40","date_gmt":"2016-05-26T07:55:40","guid":{"rendered":"http:\/\/mediaprint-tiskarahrastic.hr\/de\/?page_id=333"},"modified":"2016-05-26T09:55:40","modified_gmt":"2016-05-26T07:55:40","slug":"anweisungen-fuer-die-erstellung-einer-druck-pdf","status":"publish","type":"page","link":"https:\/\/mediaprint-tiskarahrastic.hr\/de\/anweisungen-fuer-die-erstellung-einer-druck-pdf\/","title":{"rendered":"Anweisungen f\u00fcr die Erstellung einer Druck-PDF"},"content":{"rendered":"<div id=\"desno\">\n<div id=\"glavnina\">\n<h3>CTP Vorbereitung<\/h3>\n<p>Um die Richtigkeit der Druckdaten sicherzustellen, f\u00fchren wir hier einige Regeln f\u00fcr die Erstellung der Druck-PDF-Files und ihre Versendung an:<\/p>\n<ul>\n<li>alle Bilder m\u00fcssen eine Resolution von <strong>300 dpi, in CMYK, ohne ICC Profil, <\/strong>aufweisen;<\/li>\n<li>die Erstellung <strong>des PDF aus Postscript <\/strong>(PS) wird empfohlen;<\/li>\n<li>jede Seite muss <strong>zentriert<\/strong> sein und einen <strong>Beschnitt (bleed) von minimal 3 mm<\/strong> auf allen vier Seiten enthalten;<\/li>\n<li>Texte, die in schwarzer Farbe sind, m\u00fcssen aus <strong>einer Farbe bestehen (100% K); <\/strong>es ist wichtig, dass die schwarze Farbe <strong>\u201eoverprint\u201c <\/strong>aufweist;<\/li>\n<li>es w\u00e4re hilfreich, wenn die PDF-s eins nach dem anderen erstellt werden w\u00fcrden (nicht mehrere Seiten in einem PDF), da es in allen anderen F\u00e4llen beim Senden von Korrekturen zu Schwierigkeiten beim L\u00f6schen \u201ealter\u201c Seiten kommen kann;<\/li>\n<\/ul>\n<h3>Grundparamete<\/h3>\n<p><strong>Format: <\/strong>PDF 1.3 (Acrobat 4.0)<br \/>\n<strong>Farbe: <\/strong>CMYK (au\u00dfer bei Anwendung von Spot-Farben in speziellen Kan\u00e4len)<br \/>\n<strong>Profil: <\/strong>ohne ICC Profil<br \/>\n<strong>Resolution: <\/strong>Minimum 300 dpi<br \/>\n<strong>Beschnitt: <\/strong>3 mm von allen Seiten<\/p>\n<\/div>\n<\/div>\n","protected":false},"excerpt":{"rendered":"<p>CTP Vorbereitung Um die Richtigkeit der Druckdaten sicherzustellen, f\u00fchren wir hier einige Regeln f\u00fcr die Erstellung der Druck-PDF-Files und ihre Versendung an: alle Bilder m\u00fcssen eine Resolution von 300 dpi, in CMYK, ohne ICC Profil, aufweisen; die Erstellung des PDF aus Postscript (PS) wird empfohlen; jede Seite muss zentriert sein und einen Beschnitt (bleed) von [&hellip;]<\/p>\n","protected":false},"author":1,"featured_media":0,"parent":0,"menu_order":4,"comment_status":"closed","ping_status":"closed","template":"","meta":{"footnotes":""},"yoast_head":"<!-- This site is optimized with the Yoast SEO plugin v22.3 - https:\/\/yoast.com\/wordpress\/plugins\/seo\/ -->\n<title>Anweisungen f\u00fcr die Erstellung einer Druck-PDF - Mediaprint Tiskara Hrasti\u0107<\/title>\n<meta name=\"robots\" content=\"index, follow, max-snippet:-1, max-image-preview:large, max-video-preview:-1\" \/>\n<link rel=\"canonical\" href=\"https:\/\/mediaprint-tiskarahrastic.hr\/de\/anweisungen-fuer-die-erstellung-einer-druck-pdf\/\" \/>\n<meta property=\"og:locale\" content=\"de_DE\" \/>\n<meta property=\"og:type\" content=\"article\" \/>\n<meta property=\"og:title\" content=\"Anweisungen f\u00fcr die Erstellung einer Druck-PDF - Mediaprint Tiskara Hrasti\u0107\" \/>\n<meta property=\"og:description\" content=\"CTP Vorbereitung Um die Richtigkeit der Druckdaten sicherzustellen, f\u00fchren wir hier einige Regeln f\u00fcr die Erstellung der Druck-PDF-Files und ihre Versendung an: alle Bilder m\u00fcssen eine Resolution von 300 dpi, in CMYK, ohne ICC Profil, aufweisen; die Erstellung des PDF aus Postscript (PS) wird empfohlen; jede Seite muss zentriert sein und einen Beschnitt (bleed) von [&hellip;]\" \/>\n<meta property=\"og:url\" content=\"https:\/\/mediaprint-tiskarahrastic.hr\/de\/anweisungen-fuer-die-erstellung-einer-druck-pdf\/\" \/>\n<meta property=\"og:site_name\" content=\"Mediaprint Tiskara Hrasti\u0107\" \/>\n<meta name=\"twitter:card\" content=\"summary_large_image\" \/>\n<meta name=\"twitter:label1\" content=\"Gesch\u00e4tzte Lesezeit\" \/>\n\t<meta name=\"twitter:data1\" content=\"1\u00a0Minute\" \/>\n<script type=\"application\/ld+json\" class=\"yoast-schema-graph\">{\"@context\":\"https:\/\/schema.org\",\"@graph\":[{\"@type\":\"WebPage\",\"@id\":\"https:\/\/mediaprint-tiskarahrastic.hr\/de\/anweisungen-fuer-die-erstellung-einer-druck-pdf\/\",\"url\":\"https:\/\/mediaprint-tiskarahrastic.hr\/de\/anweisungen-fuer-die-erstellung-einer-druck-pdf\/\",\"name\":\"Anweisungen f\u00fcr die Erstellung einer Druck-PDF - Mediaprint Tiskara Hrasti\u0107\",\"isPartOf\":{\"@id\":\"https:\/\/mediaprint-tiskarahrastic.hr\/#website\"},\"datePublished\":\"2016-05-26T07:55:40+00:00\",\"dateModified\":\"2016-05-26T07:55:40+00:00\",\"breadcrumb\":{\"@id\":\"https:\/\/mediaprint-tiskarahrastic.hr\/de\/anweisungen-fuer-die-erstellung-einer-druck-pdf\/#breadcrumb\"},\"inLanguage\":\"de\",\"potentialAction\":[{\"@type\":\"ReadAction\",\"target\":[\"https:\/\/mediaprint-tiskarahrastic.hr\/de\/anweisungen-fuer-die-erstellung-einer-druck-pdf\/\"]}]},{\"@type\":\"BreadcrumbList\",\"@id\":\"https:\/\/mediaprint-tiskarahrastic.hr\/de\/anweisungen-fuer-die-erstellung-einer-druck-pdf\/#breadcrumb\",\"itemListElement\":[{\"@type\":\"ListItem\",\"position\":1,\"name\":\"Home\",\"item\":\"https:\/\/mediaprint-tiskarahrastic.hr\/de\/\"},{\"@type\":\"ListItem\",\"position\":2,\"name\":\"Anweisungen f\u00fcr die Erstellung einer Druck-PDF\"}]},{\"@type\":\"WebSite\",\"@id\":\"https:\/\/mediaprint-tiskarahrastic.hr\/#website\",\"url\":\"https:\/\/mediaprint-tiskarahrastic.hr\/\",\"name\":\"Mediaprint Tiskara Hrasti\u0107\",\"description\":\"Tiskara Hrasti\u0107\",\"potentialAction\":[{\"@type\":\"SearchAction\",\"target\":{\"@type\":\"EntryPoint\",\"urlTemplate\":\"https:\/\/mediaprint-tiskarahrastic.hr\/?s={search_term_string}\"},\"query-input\":\"required name=search_term_string\"}],\"inLanguage\":\"de\"}]}<\/script>\n<!-- \/ Yoast SEO plugin. -->","yoast_head_json":{"title":"Anweisungen f\u00fcr die Erstellung einer Druck-PDF - Mediaprint Tiskara Hrasti\u0107","robots":{"index":"index","follow":"follow","max-snippet":"max-snippet:-1","max-image-preview":"max-image-preview:large","max-video-preview":"max-video-preview:-1"},"canonical":"https:\/\/mediaprint-tiskarahrastic.hr\/de\/anweisungen-fuer-die-erstellung-einer-druck-pdf\/","og_locale":"de_DE","og_type":"article","og_title":"Anweisungen f\u00fcr die Erstellung einer Druck-PDF - Mediaprint Tiskara Hrasti\u0107","og_description":"CTP Vorbereitung Um die Richtigkeit der Druckdaten sicherzustellen, f\u00fchren wir hier einige Regeln f\u00fcr die Erstellung der Druck-PDF-Files und ihre Versendung an: alle Bilder m\u00fcssen eine Resolution von 300 dpi, in CMYK, ohne ICC Profil, aufweisen; die Erstellung des PDF aus Postscript (PS) wird empfohlen; jede Seite muss zentriert sein und einen Beschnitt (bleed) von [&hellip;]","og_url":"https:\/\/mediaprint-tiskarahrastic.hr\/de\/anweisungen-fuer-die-erstellung-einer-druck-pdf\/","og_site_name":"Mediaprint Tiskara Hrasti\u0107","twitter_card":"summary_large_image","twitter_misc":{"Gesch\u00e4tzte Lesezeit":"1\u00a0Minute"},"schema":{"@context":"https:\/\/schema.org","@graph":[{"@type":"WebPage","@id":"https:\/\/mediaprint-tiskarahrastic.hr\/de\/anweisungen-fuer-die-erstellung-einer-druck-pdf\/","url":"https:\/\/mediaprint-tiskarahrastic.hr\/de\/anweisungen-fuer-die-erstellung-einer-druck-pdf\/","name":"Anweisungen f\u00fcr die Erstellung einer Druck-PDF - Mediaprint Tiskara Hrasti\u0107","isPartOf":{"@id":"https:\/\/mediaprint-tiskarahrastic.hr\/#website"},"datePublished":"2016-05-26T07:55:40+00:00","dateModified":"2016-05-26T07:55:40+00:00","breadcrumb":{"@id":"https:\/\/mediaprint-tiskarahrastic.hr\/de\/anweisungen-fuer-die-erstellung-einer-druck-pdf\/#breadcrumb"},"inLanguage":"de","potentialAction":[{"@type":"ReadAction","target":["https:\/\/mediaprint-tiskarahrastic.hr\/de\/anweisungen-fuer-die-erstellung-einer-druck-pdf\/"]}]},{"@type":"BreadcrumbList","@id":"https:\/\/mediaprint-tiskarahrastic.hr\/de\/anweisungen-fuer-die-erstellung-einer-druck-pdf\/#breadcrumb","itemListElement":[{"@type":"ListItem","position":1,"name":"Home","item":"https:\/\/mediaprint-tiskarahrastic.hr\/de\/"},{"@type":"ListItem","position":2,"name":"Anweisungen f\u00fcr die Erstellung einer Druck-PDF"}]},{"@type":"WebSite","@id":"https:\/\/mediaprint-tiskarahrastic.hr\/#website","url":"https:\/\/mediaprint-tiskarahrastic.hr\/","name":"Mediaprint Tiskara Hrasti\u0107","description":"Tiskara Hrasti\u0107","potentialAction":[{"@type":"SearchAction","target":{"@type":"EntryPoint","urlTemplate":"https:\/\/mediaprint-tiskarahrastic.hr\/?s={search_term_string}"},"query-input":"required name=search_term_string"}],"inLanguage":"de"}]}},"_links":{"self":[{"href":"https:\/\/mediaprint-tiskarahrastic.hr\/de\/wp-json\/wp\/v2\/pages\/333"}],"collection":[{"href":"https:\/\/mediaprint-tiskarahrastic.hr\/de\/wp-json\/wp\/v2\/pages"}],"about":[{"href":"https:\/\/mediaprint-tiskarahrastic.hr\/de\/wp-json\/wp\/v2\/types\/page"}],"author":[{"embeddable":true,"href":"https:\/\/mediaprint-tiskarahrastic.hr\/de\/wp-json\/wp\/v2\/users\/1"}],"replies":[{"embeddable":true,"href":"https:\/\/mediaprint-tiskarahrastic.hr\/de\/wp-json\/wp\/v2\/comments?post=333"}],"version-history":[{"count":1,"href":"https:\/\/mediaprint-tiskarahrastic.hr\/de\/wp-json\/wp\/v2\/pages\/333\/revisions"}],"predecessor-version":[{"id":335,"href":"https:\/\/mediaprint-tiskarahrastic.hr\/de\/wp-json\/wp\/v2\/pages\/333\/revisions\/335"}],"wp:attachment":[{"href":"https:\/\/mediaprint-tiskarahrastic.hr\/de\/wp-json\/wp\/v2\/media?parent=333"}],"curies":[{"name":"wp","href":"https:\/\/api.w.org\/{rel}","templated":true}]}}